{"id":271,"date":"2025-01-30T11:57:06","date_gmt":"2025-01-30T11:57:06","guid":{"rendered":"https:\/\/ninaranki.fi\/?page_id=271"},"modified":"2025-01-30T12:38:07","modified_gmt":"2025-01-30T12:38:07","slug":"palvelut","status":"publish","type":"page","link":"https:\/\/ninaranki.fi\/?page_id=271","title":{"rendered":"Palvelut"},"content":{"rendered":"\t\t<div data-elementor-type=\"wp-page\" data-elementor-id=\"271\" class=\"elementor elementor-271\">\n\t\t\t\t<div class=\"elementor-element elementor-element-99e04d5 e-flex e-con-boxed e-con e-parent\" data-id=\"99e04d5\" data-element_type=\"container\" data-e-type=\"container\">\n\t\t\t\t\t<div class=\"e-con-inner\">\n\t\t<div class=\"elementor-element elementor-element-e86d5e7 e-grid e-con-full e-con e-child\" data-id=\"e86d5e7\" data-element_type=\"container\" data-e-type=\"container\">\n\t\t\t\t<div class=\"elementor-element elementor-element-e5e5940 elementor-widget elementor-widget-heading\" data-id=\"e5e5940\" data-element_type=\"widget\" data-e-type=\"widget\" data-widget_type=\"heading.default\">\n\t\t\t\t<div class=\"elementor-widget-container\">\n\t\t\t\t\t<h2 class=\"elementor-heading-title elementor-size-default\">Palvelut ja <br>mit\u00e4 se maksaa<\/h2>\t\t\t\t<\/div>\n\t\t\t\t<\/div>\n\t\t\t\t<div class=\"elementor-element elementor-element-285c19a elementor-widget elementor-widget-image\" data-id=\"285c19a\" data-element_type=\"widget\" data-e-type=\"widget\" data-widget_type=\"image.default\">\n\t\t\t\t<div class=\"elementor-widget-container\">\n\t\t\t\t\t\t\t\t\t\t\t\t\t\t\t<img fetchpriority=\"high\" decoding=\"async\" width=\"749\" height=\"1024\" src=\"https:\/\/ninaranki.fi\/wp-content\/uploads\/2025\/01\/kitchendetails-5-749x1024.jpg\" class=\"attachment-large size-large wp-image-235\" alt=\"\" srcset=\"https:\/\/ninaranki.fi\/wp-content\/uploads\/2025\/01\/kitchendetails-5-749x1024.jpg 749w, https:\/\/ninaranki.fi\/wp-content\/uploads\/2025\/01\/kitchendetails-5-219x300.jpg 219w, https:\/\/ninaranki.fi\/wp-content\/uploads\/2025\/01\/kitchendetails-5-768x1051.jpg 768w, https:\/\/ninaranki.fi\/wp-content\/uploads\/2025\/01\/kitchendetails-5-1123x1536.jpg 1123w, https:\/\/ninaranki.fi\/wp-content\/uploads\/2025\/01\/kitchendetails-5.jpg 1497w\" sizes=\"(max-width: 749px) 100vw, 749px\" \/>\t\t\t\t\t\t\t\t\t\t\t\t\t\t\t<\/div>\n\t\t\t\t<\/div>\n\t\t\t\t<\/div>\n\t\t\t\t\t<\/div>\n\t\t\t\t<\/div>\n\t\t<div class=\"elementor-element elementor-element-32cf736 e-flex e-con-boxed e-con e-parent\" data-id=\"32cf736\" data-element_type=\"container\" data-e-type=\"container\">\n\t\t\t\t\t<div class=\"e-con-inner\">\n\t\t\t\t<div class=\"elementor-element elementor-element-53c197e elementor-widget elementor-widget-spacer\" data-id=\"53c197e\" data-element_type=\"widget\" data-e-type=\"widget\" data-widget_type=\"spacer.default\">\n\t\t\t\t<div class=\"elementor-widget-container\">\n\t\t\t\t\t\t\t<div class=\"elementor-spacer\">\n\t\t\t<div class=\"elementor-spacer-inner\"><\/div>\n\t\t<\/div>\n\t\t\t\t\t\t<\/div>\n\t\t\t\t<\/div>\n\t\t\t\t\t<\/div>\n\t\t\t\t<\/div>\n\t\t<div class=\"elementor-element elementor-element-c5b7c34 e-grid e-con-boxed e-con e-parent\" data-id=\"c5b7c34\" data-element_type=\"container\" data-e-type=\"container\" data-settings=\"{&quot;background_background&quot;:&quot;classic&quot;}\">\n\t\t\t\t\t<div class=\"e-con-inner\">\n\t\t<div class=\"elementor-element elementor-element-5df214f e-con-full e-flex e-con e-child\" data-id=\"5df214f\" data-element_type=\"container\" data-e-type=\"container\">\n\t\t\t\t<div class=\"elementor-element elementor-element-9d644aa elementor-widget elementor-widget-heading\" data-id=\"9d644aa\" data-element_type=\"widget\" data-e-type=\"widget\" data-widget_type=\"heading.default\">\n\t\t\t\t<div class=\"elementor-widget-container\">\n\t\t\t\t\t<h2 class=\"elementor-heading-title elementor-size-default\">Uudiskohteet<\/h2>\t\t\t\t<\/div>\n\t\t\t\t<\/div>\n\t\t\t\t<div class=\"elementor-element elementor-element-ee01d3a elementor-widget elementor-widget-text-editor\" data-id=\"ee01d3a\" data-element_type=\"widget\" data-e-type=\"widget\" data-widget_type=\"text-editor.default\">\n\t\t\t\t<div class=\"elementor-widget-container\">\n\t\t\t\t\t\t\t\t\t<p>Teen tiivist\u00e4 yhteisty\u00f6t\u00e4 rakennusliikkeiden sek\u00e4 rakennuttajien kanssa. Tarjoan kokonaisvaltaista sisustussuunnittelupalvelua toimien yhdess\u00e4 arkkitehdin, lvi-suunnittelijan sek\u00e4 s\u00e4hk\u00f6suunnittelijan kanssa.\u00a0<\/p><p>Suunnitteluty\u00f6ni uudiskohteen parissa voi olla joko yksitt\u00e4isen tilan toiminnallisuuden parantaminen, kohteen pintamateriaalien miettiminen, valaistussuunnitelman tekeminen tai vaikka s\u00e4hk\u00f6suunnitelmien l\u00e4pik\u00e4yminen vastaamaan asiakkaiden tarpeita &#8211; suunnittelun mittakaava voi siis olla aivan pieni konsultointi tai laajamittainen suunnitteluty\u00f6 olemalla rakennusprojektissa mukana alusta loppuun.<\/p>\t\t\t\t\t\t\t\t<\/div>\n\t\t\t\t<\/div>\n\t\t\t\t<\/div>\n\t\t<div class=\"elementor-element elementor-element-863f9ed e-con-full e-flex e-con e-child\" data-id=\"863f9ed\" data-element_type=\"container\" data-e-type=\"container\">\n\t\t\t\t<div class=\"elementor-element elementor-element-6ef56a7 elementor-widget elementor-widget-heading\" data-id=\"6ef56a7\" data-element_type=\"widget\" data-e-type=\"widget\" data-widget_type=\"heading.default\">\n\t\t\t\t<div class=\"elementor-widget-container\">\n\t\t\t\t\t<h2 class=\"elementor-heading-title elementor-size-default\">Remonttikohteet<\/h2>\t\t\t\t<\/div>\n\t\t\t\t<\/div>\n\t\t\t\t<div class=\"elementor-element elementor-element-ffdd822 elementor-widget elementor-widget-text-editor\" data-id=\"ffdd822\" data-element_type=\"widget\" data-e-type=\"widget\" data-widget_type=\"text-editor.default\">\n\t\t\t\t<div class=\"elementor-widget-container\">\n\t\t\t\t\t\t\t\t\t<p>Omaan laajan kokemuksen remonttikohteista, 70-luvun alkuper\u00e4iskuntoisen talon purkut\u00f6ist\u00e4 perustuksille aina kerrostalohuoneiston pintaremonttiin. Toisin sanoen osaamisalueeni on hyvin laaja ja autan lupa-asioissa taloyhti\u00f6n sek\u00e4 rakennusvalvonnan kanssa.<\/p><p>Remonttikohteen suunnittelussa on aina enemm\u00e4n rajoitteita, kuten olemassa olevat rakenteet sek\u00e4 talotekniikka, jotka on otettava huomioon suunnitteluprosessissa.<\/p><p data-pm-slice=\"1 1 []\">Remonttikohde vaatii kuitenkin enemm\u00e4n joustavuutta, ongelmanratkaisukyky\u00e4 ja kyky\u00e4 yhdist\u00e4\u00e4 vanhaa ja uutta saumattomasti.<\/p><p>\u00a0<\/p>\t\t\t\t\t\t\t\t<\/div>\n\t\t\t\t<\/div>\n\t\t\t\t<\/div>\n\t\t<div class=\"elementor-element elementor-element-ea7bddc e-con-full e-flex e-con e-child\" data-id=\"ea7bddc\" data-element_type=\"container\" data-e-type=\"container\">\n\t\t\t\t<div class=\"elementor-element elementor-element-d2c7d7b elementor-widget elementor-widget-heading\" data-id=\"d2c7d7b\" data-element_type=\"widget\" data-e-type=\"widget\" data-widget_type=\"heading.default\">\n\t\t\t\t<div class=\"elementor-widget-container\">\n\t\t\t\t\t<h2 class=\"elementor-heading-title elementor-size-default\">Sisustuskonsultointi<\/h2>\t\t\t\t<\/div>\n\t\t\t\t<\/div>\n\t\t\t\t<div class=\"elementor-element elementor-element-3c28ee0 elementor-widget elementor-widget-text-editor\" data-id=\"3c28ee0\" data-element_type=\"widget\" data-e-type=\"widget\" data-widget_type=\"text-editor.default\">\n\t\t\t\t<div class=\"elementor-widget-container\">\n\t\t\t\t\t\t\t\t\t<p>Sisustuskonsultointi voidaan toteuttaa 2-4h mittaisena palveluna ja sopii erinomaisesti, jos tarvitset vahvistusta omille ajatuksille ilman sitoutumista laajamittaiseen suunnitteluun.<\/p><p>Sisustuskonsultointi voi olla esimerkiksi pohjapiirustuksen toimivuuden tarkastaminen, pintamateriaalien valinta tai suullinen ideointi alkavalle remontille.<\/p><p>Joskus on my\u00f6s tilanne, ett\u00e4 neli\u00f6t tuntuu k\u00e4yv\u00e4n liian pieneksi ja ajatus asunnon vaihtamisesta nostaa p\u00e4\u00e4t\u00e4\u00e4n, mutta kenties pienell\u00e4 tilamuotoilulla el\u00e4m\u00e4 voisikin jatkua nykyisess\u00e4 kodissa.<\/p>\t\t\t\t\t\t\t\t<\/div>\n\t\t\t\t<\/div>\n\t\t\t\t<\/div>\n\t\t\t\t\t<\/div>\n\t\t\t\t<\/div>\n\t\t\t\t<\/div>\n\t\t","protected":false},"excerpt":{"rendered":"<p>Palvelut ja mit\u00e4 se maksaa Uudiskohteet Teen tiivist\u00e4 yhteisty\u00f6t\u00e4 rakennusliikkeiden sek\u00e4 rakennuttajien kanssa. Tarjoan kokonaisvaltaista sisustussuunnittelupalvelua toimien yhdess\u00e4 arkkitehdin, lvi-suunnittelijan sek\u00e4 s\u00e4hk\u00f6suunnittelijan kanssa.\u00a0 Suunnitteluty\u00f6ni uudiskohteen&hellip;<\/p>\n","protected":false},"author":1,"featured_media":0,"parent":0,"menu_order":0,"comment_status":"closed","ping_status":"closed","template":"","meta":{"footnotes":""},"class_list":["post-271","page","type-page","status-publish","hentry"],"_links":{"self":[{"href":"https:\/\/ninaranki.fi\/index.php?rest_route=\/wp\/v2\/pages\/271","targetHints":{"allow":["GET"]}}],"collection":[{"href":"https:\/\/ninaranki.fi\/index.php?rest_route=\/wp\/v2\/pages"}],"about":[{"href":"https:\/\/ninaranki.fi\/index.php?rest_route=\/wp\/v2\/types\/page"}],"author":[{"embeddable":true,"href":"https:\/\/ninaranki.fi\/index.php?rest_route=\/wp\/v2\/users\/1"}],"replies":[{"embeddable":true,"href":"https:\/\/ninaranki.fi\/index.php?rest_route=%2Fwp%2Fv2%2Fcomments&post=271"}],"version-history":[{"count":10,"href":"https:\/\/ninaranki.fi\/index.php?rest_route=\/wp\/v2\/pages\/271\/revisions"}],"predecessor-version":[{"id":286,"href":"https:\/\/ninaranki.fi\/index.php?rest_route=\/wp\/v2\/pages\/271\/revisions\/286"}],"wp:attachment":[{"href":"https:\/\/ninaranki.fi\/index.php?rest_route=%2Fwp%2Fv2%2Fmedia&parent=271"}],"curies":[{"name":"wp","href":"https:\/\/api.w.org\/{rel}","templated":true}]}}