{"id":22,"date":"2024-02-03T07:36:56","date_gmt":"2024-02-03T07:36:56","guid":{"rendered":"https:\/\/ninaranki.fi\/?page_id=22"},"modified":"2025-01-30T12:10:03","modified_gmt":"2025-01-30T12:10:03","slug":"etusivu","status":"publish","type":"page","link":"https:\/\/ninaranki.fi\/","title":{"rendered":"Etusivu"},"content":{"rendered":"\t\t<div data-elementor-type=\"wp-page\" data-elementor-id=\"22\" class=\"elementor elementor-22\">\n\t\t\t\t<div class=\"elementor-element elementor-element-1ab5d0aa e-con-full e-flex e-con e-parent\" data-id=\"1ab5d0aa\" data-element_type=\"container\" data-e-type=\"container\" data-settings=\"{&quot;background_background&quot;:&quot;classic&quot;}\">\n\t\t\t\t<div class=\"elementor-element elementor-element-8676520 elementor-widget elementor-widget-heading\" data-id=\"8676520\" data-element_type=\"widget\" data-e-type=\"widget\" data-widget_type=\"heading.default\">\n\t\t\t\t<div class=\"elementor-widget-container\">\n\t\t\t\t\t<h2 class=\"elementor-heading-title elementor-size-default\">Asiakasl\u00e4ht\u00f6ist\u00e4 sisustussuunnittelua<\/h2>\t\t\t\t<\/div>\n\t\t\t\t<\/div>\n\t\t\t\t<\/div>\n\t\t<div class=\"elementor-element elementor-element-e543fe1 e-flex e-con-boxed e-con e-parent\" data-id=\"e543fe1\" data-element_type=\"container\" data-e-type=\"container\">\n\t\t\t\t\t<div class=\"e-con-inner\">\n\t\t\t\t<div class=\"elementor-element elementor-element-d1b0519 elementor-widget elementor-widget-spacer\" data-id=\"d1b0519\" data-element_type=\"widget\" data-e-type=\"widget\" data-widget_type=\"spacer.default\">\n\t\t\t\t<div class=\"elementor-widget-container\">\n\t\t\t\t\t\t\t<div class=\"elementor-spacer\">\n\t\t\t<div class=\"elementor-spacer-inner\"><\/div>\n\t\t<\/div>\n\t\t\t\t\t\t<\/div>\n\t\t\t\t<\/div>\n\t\t\t\t\t<\/div>\n\t\t\t\t<\/div>\n\t\t<div class=\"elementor-element elementor-element-5b71ed5 e-grid e-con-boxed e-con e-parent\" data-id=\"5b71ed5\" data-element_type=\"container\" data-e-type=\"container\">\n\t\t\t\t\t<div class=\"e-con-inner\">\n\t\t<div class=\"elementor-element elementor-element-b25da1d e-con-full e-flex e-con e-child\" data-id=\"b25da1d\" data-element_type=\"container\" data-e-type=\"container\">\n\t\t\t\t<div class=\"elementor-element elementor-element-15859f9 elementor-widget elementor-widget-spacer\" data-id=\"15859f9\" data-element_type=\"widget\" data-e-type=\"widget\" data-widget_type=\"spacer.default\">\n\t\t\t\t<div class=\"elementor-widget-container\">\n\t\t\t\t\t\t\t<div class=\"elementor-spacer\">\n\t\t\t<div class=\"elementor-spacer-inner\"><\/div>\n\t\t<\/div>\n\t\t\t\t\t\t<\/div>\n\t\t\t\t<\/div>\n\t\t\t\t<div class=\"elementor-element elementor-element-73a149f elementor-widget elementor-widget-text-editor\" data-id=\"73a149f\" data-element_type=\"widget\" data-e-type=\"widget\" data-widget_type=\"text-editor.default\">\n\t\t\t\t<div class=\"elementor-widget-container\">\n\t\t\t\t\t\t\t\t\t<p>Olen kokenut sisustussuunnittelija, jolla on vahva tausta kiinteist\u00f6alalta. Valmistuin sisustussuunnittelijaksi vuonna 2017 ja kasvoin kiinteist\u00f6nv\u00e4litt\u00e4j\u00e4perheess\u00e4, mik\u00e4 on syvent\u00e4nyt ymm\u00e4rryst\u00e4ni asuntojen suunnittelusta ja myynnist\u00e4. Olen ty\u00f6skennellyt 15 vuoden ajan kiinteist\u00f6nv\u00e4litysyrityksess\u00e4 luovana johtajana ja asuntokuvaajana, ja minulla on laaja kokemus sek\u00e4 uudisrakentamisen ett\u00e4 saneerauskohteiden sisustussuunnittelusta. Teen tiivist\u00e4 yhteisty\u00f6t\u00e4 rakentajayritysten kanssa koko prosessin ajan, aina suunnittelusta myyntivaiheeseen asti. Suunnitteluty\u00f6ss\u00e4ni yhdist\u00e4n k\u00e4yt\u00e4nn\u00f6llisyyden ja estetiikan, jotta jokainen tila vastaa sek\u00e4 asukkaidensa tarpeita ett\u00e4 toiveita.<\/p>\t\t\t\t\t\t\t\t<\/div>\n\t\t\t\t<\/div>\n\t\t\t\t<div class=\"elementor-element elementor-element-6c3ede4 elementor-widget elementor-widget-spacer\" data-id=\"6c3ede4\" data-element_type=\"widget\" data-e-type=\"widget\" data-widget_type=\"spacer.default\">\n\t\t\t\t<div class=\"elementor-widget-container\">\n\t\t\t\t\t\t\t<div class=\"elementor-spacer\">\n\t\t\t<div class=\"elementor-spacer-inner\"><\/div>\n\t\t<\/div>\n\t\t\t\t\t\t<\/div>\n\t\t\t\t<\/div>\n\t\t\t\t<div class=\"elementor-element elementor-element-0af113d elementor-align-center elementor-widget elementor-widget-button\" data-id=\"0af113d\" data-element_type=\"widget\" data-e-type=\"widget\" data-widget_type=\"button.default\">\n\t\t\t\t<div class=\"elementor-widget-container\">\n\t\t\t\t\t\t\t\t\t<div class=\"elementor-button-wrapper\">\n\t\t\t\t\t<a class=\"elementor-button elementor-button-link elementor-size-sm\" href=\"#\">\n\t\t\t\t\t\t<span class=\"elementor-button-content-wrapper\">\n\t\t\t\t\t\t\t\t\t<span class=\"elementor-button-text\">ota yhteytt\u00e4<\/span>\n\t\t\t\t\t<\/span>\n\t\t\t\t\t<\/a>\n\t\t\t\t<\/div>\n\t\t\t\t\t\t\t\t<\/div>\n\t\t\t\t<\/div>\n\t\t\t\t<\/div>\n\t\t<div class=\"elementor-element elementor-element-8b85cef e-con-full e-flex e-con e-child\" data-id=\"8b85cef\" data-element_type=\"container\" data-e-type=\"container\">\n\t\t\t\t<div class=\"elementor-element elementor-element-cd184c8 elementor-widget elementor-widget-image\" data-id=\"cd184c8\" data-element_type=\"widget\" data-e-type=\"widget\" data-widget_type=\"image.default\">\n\t\t\t\t<div class=\"elementor-widget-container\">\n\t\t\t\t\t\t\t\t\t\t\t\t\t\t\t<img fetchpriority=\"high\" decoding=\"async\" width=\"755\" height=\"1024\" src=\"https:\/\/ninaranki.fi\/wp-content\/uploads\/2025\/01\/meika-1-2-e1738145383126-755x1024.jpg\" class=\"attachment-large size-large wp-image-179\" alt=\"\" srcset=\"https:\/\/ninaranki.fi\/wp-content\/uploads\/2025\/01\/meika-1-2-e1738145383126-755x1024.jpg 755w, https:\/\/ninaranki.fi\/wp-content\/uploads\/2025\/01\/meika-1-2-e1738145383126-221x300.jpg 221w, https:\/\/ninaranki.fi\/wp-content\/uploads\/2025\/01\/meika-1-2-e1738145383126-768x1042.jpg 768w, https:\/\/ninaranki.fi\/wp-content\/uploads\/2025\/01\/meika-1-2-e1738145383126.jpg 1120w\" sizes=\"(max-width: 755px) 100vw, 755px\" \/>\t\t\t\t\t\t\t\t\t\t\t\t\t\t\t<\/div>\n\t\t\t\t<\/div>\n\t\t\t\t<\/div>\n\t\t\t\t\t<\/div>\n\t\t\t\t<\/div>\n\t\t\t\t<section class=\"elementor-section elementor-top-section elementor-element elementor-element-3d4b1063 elementor-section-boxed elementor-section-height-default elementor-section-height-default\" data-id=\"3d4b1063\" data-element_type=\"section\" data-e-type=\"section\">\n\t\t\t\t\t\t<div class=\"elementor-container elementor-column-gap-default\">\n\t\t\t\t\t<div class=\"elementor-column elementor-col-50 elementor-top-column elementor-element elementor-element-21dfd3e9\" data-id=\"21dfd3e9\" data-element_type=\"column\" data-e-type=\"column\">\n\t\t\t<div class=\"elementor-widget-wrap elementor-element-populated\">\n\t\t\t\t\t\t<div class=\"elementor-element elementor-element-7b2f7829 elementor-widget elementor-widget-heading\" data-id=\"7b2f7829\" data-element_type=\"widget\" data-e-type=\"widget\" data-widget_type=\"heading.default\">\n\t\t\t\t<div class=\"elementor-widget-container\">\n\t\t\t\t\t<h2 class=\"elementor-heading-title elementor-size-default\">Pienet ja isot projektit ammattitaidolla<\/h2>\t\t\t\t<\/div>\n\t\t\t\t<\/div>\n\t\t\t\t<div class=\"elementor-element elementor-element-5d133c8 elementor-widget elementor-widget-text-editor\" data-id=\"5d133c8\" data-element_type=\"widget\" data-e-type=\"widget\" data-widget_type=\"text-editor.default\">\n\t\t\t\t<div class=\"elementor-widget-container\">\n\t\t\t\t\t\t\t\t\t<p>Oletko aikeissa rakentaa tai remontoida nykyist\u00e4? Autan mielell\u00e4ni niin isoissa kun pieniss\u00e4 projekteissa. Tarjoan kokonaisvaltaista sisustussuunnittelupalvelua Uudenmaan alueella l\u00e4hes 10 vuoden kokemuksella.<\/p>\n<p>Tarjoan my\u00f6s sisustuskonsultointia, joka on vaihtoehto my\u00f6s uudisrakentamiseen ja remontoimiseen tai kalustamiseen.<\/p>\t\t\t\t\t\t\t\t<\/div>\n\t\t\t\t<\/div>\n\t\t\t\t\t<\/div>\n\t\t<\/div>\n\t\t\t\t<div class=\"elementor-column elementor-col-50 elementor-top-column elementor-element elementor-element-1e3fd204\" data-id=\"1e3fd204\" data-element_type=\"column\" data-e-type=\"column\">\n\t\t\t<div class=\"elementor-widget-wrap elementor-element-populated\">\n\t\t\t\t\t\t<div class=\"elementor-element elementor-element-c26bc41 elementor-widget elementor-widget-image\" data-id=\"c26bc41\" data-element_type=\"widget\" data-e-type=\"widget\" data-widget_type=\"image.default\">\n\t\t\t\t<div class=\"elementor-widget-container\">\n\t\t\t\t\t\t\t\t\t\t\t\t\t\t\t<img decoding=\"async\" width=\"843\" height=\"563\" src=\"https:\/\/ninaranki.fi\/wp-content\/uploads\/2024\/02\/keittiomateriaalit-1-1024x684.jpg\" class=\"attachment-large size-large wp-image-88\" alt=\"\" srcset=\"https:\/\/ninaranki.fi\/wp-content\/uploads\/2024\/02\/keittiomateriaalit-1-1024x684.jpg 1024w, https:\/\/ninaranki.fi\/wp-content\/uploads\/2024\/02\/keittiomateriaalit-1-300x200.jpg 300w, https:\/\/ninaranki.fi\/wp-content\/uploads\/2024\/02\/keittiomateriaalit-1-768x513.jpg 768w, https:\/\/ninaranki.fi\/wp-content\/uploads\/2024\/02\/keittiomateriaalit-1-1536x1025.jpg 1536w, https:\/\/ninaranki.fi\/wp-content\/uploads\/2024\/02\/keittiomateriaalit-1-930x620.jpg 930w, https:\/\/ninaranki.fi\/wp-content\/uploads\/2024\/02\/keittiomateriaalit-1.jpg 2048w\" sizes=\"(max-width: 843px) 100vw, 843px\" \/>\t\t\t\t\t\t\t\t\t\t\t\t\t\t\t<\/div>\n\t\t\t\t<\/div>\n\t\t\t\t\t<\/div>\n\t\t<\/div>\n\t\t\t\t\t<\/div>\n\t\t<\/section>\n\t\t<div class=\"elementor-element elementor-element-38003a2 e-flex e-con-boxed e-con e-parent\" data-id=\"38003a2\" data-element_type=\"container\" data-e-type=\"container\">\n\t\t\t\t\t<div class=\"e-con-inner\">\n\t\t\t\t<div class=\"elementor-element elementor-element-90f51c5 elementor-widget elementor-widget-image\" data-id=\"90f51c5\" data-element_type=\"widget\" data-e-type=\"widget\" data-widget_type=\"image.default\">\n\t\t\t\t<div class=\"elementor-widget-container\">\n\t\t\t\t\t\t\t\t\t\t\t\t\t\t\t<img decoding=\"async\" width=\"2048\" height=\"1365\" src=\"https:\/\/ninaranki.fi\/wp-content\/uploads\/2024\/02\/Lamminpaantie75-49.jpg\" class=\"attachment-full size-full wp-image-89\" alt=\"\" srcset=\"https:\/\/ninaranki.fi\/wp-content\/uploads\/2024\/02\/Lamminpaantie75-49.jpg 2048w, https:\/\/ninaranki.fi\/wp-content\/uploads\/2024\/02\/Lamminpaantie75-49-300x200.jpg 300w, https:\/\/ninaranki.fi\/wp-content\/uploads\/2024\/02\/Lamminpaantie75-49-1024x683.jpg 1024w, https:\/\/ninaranki.fi\/wp-content\/uploads\/2024\/02\/Lamminpaantie75-49-768x512.jpg 768w, https:\/\/ninaranki.fi\/wp-content\/uploads\/2024\/02\/Lamminpaantie75-49-1536x1024.jpg 1536w, https:\/\/ninaranki.fi\/wp-content\/uploads\/2024\/02\/Lamminpaantie75-49-930x620.jpg 930w\" sizes=\"(max-width: 2048px) 100vw, 2048px\" \/>\t\t\t\t\t\t\t\t\t\t\t\t\t\t\t<\/div>\n\t\t\t\t<\/div>\n\t\t\t\t\t<\/div>\n\t\t\t\t<\/div>\n\t\t<div class=\"elementor-element elementor-element-3246ab0 e-flex e-con-boxed e-con e-parent\" data-id=\"3246ab0\" data-element_type=\"container\" data-e-type=\"container\">\n\t\t\t\t\t<div class=\"e-con-inner\">\n\t\t\t\t<div class=\"elementor-element elementor-element-f16e634 elementor-widget elementor-widget-spacer\" data-id=\"f16e634\" data-element_type=\"widget\" data-e-type=\"widget\" data-widget_type=\"spacer.default\">\n\t\t\t\t<div class=\"elementor-widget-container\">\n\t\t\t\t\t\t\t<div class=\"elementor-spacer\">\n\t\t\t<div class=\"elementor-spacer-inner\"><\/div>\n\t\t<\/div>\n\t\t\t\t\t\t<\/div>\n\t\t\t\t<\/div>\n\t\t\t\t\t<\/div>\n\t\t\t\t<\/div>\n\t\t<div class=\"elementor-element elementor-element-bf0fcea e-grid e-con-boxed e-con e-parent\" data-id=\"bf0fcea\" data-element_type=\"container\" data-e-type=\"container\" data-settings=\"{&quot;background_background&quot;:&quot;classic&quot;}\">\n\t\t\t\t\t<div class=\"e-con-inner\">\n\t\t<div class=\"elementor-element elementor-element-7400b40 e-con-full e-flex e-con e-child\" data-id=\"7400b40\" data-element_type=\"container\" data-e-type=\"container\">\n\t\t\t\t<div class=\"elementor-element elementor-element-b50d20c elementor-widget elementor-widget-image\" data-id=\"b50d20c\" data-element_type=\"widget\" data-e-type=\"widget\" data-widget_type=\"image.default\">\n\t\t\t\t<div class=\"elementor-widget-container\">\n\t\t\t\t\t\t\t\t\t\t\t\t\t\t\t<img loading=\"lazy\" decoding=\"async\" width=\"683\" height=\"1024\" src=\"https:\/\/ninaranki.fi\/wp-content\/uploads\/2025\/01\/doorie-1-4-683x1024.jpg\" class=\"attachment-large size-large wp-image-225\" alt=\"\" srcset=\"https:\/\/ninaranki.fi\/wp-content\/uploads\/2025\/01\/doorie-1-4-683x1024.jpg 683w, https:\/\/ninaranki.fi\/wp-content\/uploads\/2025\/01\/doorie-1-4-200x300.jpg 200w, https:\/\/ninaranki.fi\/wp-content\/uploads\/2025\/01\/doorie-1-4-768x1152.jpg 768w, https:\/\/ninaranki.fi\/wp-content\/uploads\/2025\/01\/doorie-1-4-1024x1536.jpg 1024w, https:\/\/ninaranki.fi\/wp-content\/uploads\/2025\/01\/doorie-1-4.jpg 1365w\" sizes=\"(max-width: 683px) 100vw, 683px\" \/>\t\t\t\t\t\t\t\t\t\t\t\t\t\t\t<\/div>\n\t\t\t\t<\/div>\n\t\t\t\t<\/div>\n\t\t<div class=\"elementor-element elementor-element-8bf524d e-con-full e-flex e-con e-child\" data-id=\"8bf524d\" data-element_type=\"container\" data-e-type=\"container\">\n\t\t\t\t<div class=\"elementor-element elementor-element-450aab5 elementor-widget elementor-widget-heading\" data-id=\"450aab5\" data-element_type=\"widget\" data-e-type=\"widget\" data-widget_type=\"heading.default\">\n\t\t\t\t<div class=\"elementor-widget-container\">\n\t\t\t\t\t<h2 class=\"elementor-heading-title elementor-size-default\">Ota yhteytt\u00e4<\/h2>\t\t\t\t<\/div>\n\t\t\t\t<\/div>\n\t\t\t\t<div class=\"elementor-element elementor-element-ef8c1eb elementor-widget elementor-widget-wpforms\" data-id=\"ef8c1eb\" data-element_type=\"widget\" data-e-type=\"widget\" data-widget_type=\"wpforms.default\">\n\t\t\t\t<div class=\"elementor-widget-container\">\n\t\t\t\t\t<style id=\"wpforms-css-vars-elementor-widget-ef8c1eb\">\n\t\t\t\t.elementor-widget-wpforms.elementor-element-ef8c1eb {\n\t\t\t\t--wpforms-field-background-color: #FFFFFF;\n--wpforms-field-text-color: #5E5E5EBD;\n--wpforms-button-background-color: #B7B7B7;\n--wpforms-button-text-color: #000000;\n--wpforms-field-size-input-height: 31px;\n--wpforms-field-size-input-spacing: 10px;\n--wpforms-field-size-font-size: 14px;\n--wpforms-field-size-line-height: 17px;\n--wpforms-field-size-padding-h: 9px;\n--wpforms-field-size-checkbox-size: 14px;\n--wpforms-field-size-sublabel-spacing: 5px;\n--wpforms-field-size-icon-size: 0.75;\n--wpforms-label-size-font-size: 14px;\n--wpforms-label-size-line-height: 17px;\n--wpforms-label-size-sublabel-font-size: 13px;\n--wpforms-label-size-sublabel-line-height: 16px;\n\t\t\t}\n\t\t\t<\/style><div class=\"wpforms-container wpforms-container-full wpforms-render-modern\" id=\"wpforms-216\"><form id=\"wpforms-form-216\" class=\"wpforms-validate wpforms-form wpforms-ajax-form\" data-formid=\"216\" method=\"post\" enctype=\"multipart\/form-data\" action=\"\/index.php?rest_route=%2Fwp%2Fv2%2Fpages%2F22\" data-token=\"7fe7aa63e3ddd3cee04c29a1060f6723\" data-token-time=\"1776511419\"><noscript class=\"wpforms-error-noscript\">Please enable JavaScript in your browser to complete this form.<\/noscript><div id=\"wpforms-error-noscript\" style=\"display: none;\">Please enable JavaScript in your browser to complete this form.<\/div><div class=\"wpforms-field-container\"><div id=\"wpforms-216-field_1-container\" class=\"wpforms-field wpforms-field-name\" data-field-id=\"1\"><label class=\"wpforms-field-label\" for=\"wpforms-216-field_1\">Nimi <span class=\"wpforms-required-label\" aria-hidden=\"true\">*<\/span><\/label><input type=\"text\" id=\"wpforms-216-field_1\" class=\"wpforms-field-medium wpforms-field-required\" name=\"wpforms[fields][1]\" aria-errormessage=\"wpforms-216-field_1-error\" required><\/div><div id=\"wpforms-216-field_2-container\" class=\"wpforms-field wpforms-field-email\" data-field-id=\"2\"><label class=\"wpforms-field-label\" for=\"wpforms-216-field_2\">S\u00e4hk\u00f6postiosoite <span class=\"wpforms-required-label\" aria-hidden=\"true\">*<\/span><\/label><input type=\"email\" id=\"wpforms-216-field_2\" class=\"wpforms-field-medium wpforms-field-required\" name=\"wpforms[fields][2]\" spellcheck=\"false\" aria-errormessage=\"wpforms-216-field_2-error\" required><\/div><div id=\"wpforms-216-field_5-container\" class=\"wpforms-field wpforms-field-number\" data-field-id=\"5\"><label class=\"wpforms-field-label\" for=\"wpforms-216-field_5\">Puhelinnumero<\/label><input type=\"number\" id=\"wpforms-216-field_5\" class=\"wpforms-field-medium\" name=\"wpforms[fields][5]\" step=\"any\" aria-errormessage=\"wpforms-216-field_5-error\" ><\/div>\t\t<div id=\"wpforms-216-field_6-container\"\n\t\t\tclass=\"wpforms-field wpforms-field-text\"\n\t\t\tdata-field-type=\"text\"\n\t\t\tdata-field-id=\"6\"\n\t\t\t>\n\t\t\t<label class=\"wpforms-field-label\" for=\"wpforms-216-field_6\" >Nimi kiinnostunut Viesti<\/label>\n\t\t\t<input type=\"text\" id=\"wpforms-216-field_6\" class=\"wpforms-field-medium\" name=\"wpforms[fields][6]\" >\n\t\t<\/div>\n\t\t<div id=\"wpforms-216-field_4-container\" class=\"wpforms-field wpforms-field-radio\" data-field-id=\"4\"><fieldset><legend class=\"wpforms-field-label\">Olen kiinnostunut<\/legend><ul id=\"wpforms-216-field_4\"><li class=\"choice-1 depth-1\"><input type=\"radio\" id=\"wpforms-216-field_4_1\" name=\"wpforms[fields][4]\" value=\"Uudiskohteen sisustussuunnittelusta\" aria-errormessage=\"wpforms-216-field_4_1-error\"  ><label class=\"wpforms-field-label-inline\" for=\"wpforms-216-field_4_1\">Uudiskohteen sisustussuunnittelusta<\/label><\/li><li class=\"choice-2 depth-1\"><input type=\"radio\" id=\"wpforms-216-field_4_2\" name=\"wpforms[fields][4]\" value=\"Remonttikohteen sisustussuunnittelusta\" aria-errormessage=\"wpforms-216-field_4_2-error\"  ><label class=\"wpforms-field-label-inline\" for=\"wpforms-216-field_4_2\">Remonttikohteen sisustussuunnittelusta<\/label><\/li><li class=\"choice-3 depth-1\"><input type=\"radio\" id=\"wpforms-216-field_4_3\" name=\"wpforms[fields][4]\" value=\"Sisustuskonsultoinnista\" aria-errormessage=\"wpforms-216-field_4_3-error\"  ><label class=\"wpforms-field-label-inline\" for=\"wpforms-216-field_4_3\">Sisustuskonsultoinnista<\/label><\/li><\/ul><\/fieldset><\/div><div id=\"wpforms-216-field_3-container\" class=\"wpforms-field wpforms-field-textarea\" data-field-id=\"3\"><label class=\"wpforms-field-label\" for=\"wpforms-216-field_3\">Viesti<\/label><textarea id=\"wpforms-216-field_3\" class=\"wpforms-field-medium\" name=\"wpforms[fields][3]\" aria-errormessage=\"wpforms-216-field_3-error\" ><\/textarea><\/div><script>\n\t\t\t\t( function() {\n\t\t\t\t\tconst style = document.createElement( 'style' );\n\t\t\t\t\tstyle.appendChild( document.createTextNode( '#wpforms-216-field_6-container { position: absolute !important; overflow: hidden !important; display: inline !important; height: 1px !important; width: 1px !important; z-index: -1000 !important; padding: 0 !important; } #wpforms-216-field_6-container input { visibility: hidden; } #wpforms-conversational-form-page #wpforms-216-field_6-container label { counter-increment: none; }' ) );\n\t\t\t\t\tdocument.head.appendChild( style );\n\t\t\t\t\tdocument.currentScript?.remove();\n\t\t\t\t} )();\n\t\t\t<\/script><\/div><!-- .wpforms-field-container --><div class=\"wpforms-submit-container\" ><input type=\"hidden\" name=\"wpforms[id]\" value=\"216\"><input type=\"hidden\" name=\"page_title\" value=\"\"><input type=\"hidden\" name=\"page_url\" value=\"https:\/\/ninaranki.fi\/index.php?rest_route=\/wp\/v2\/pages\/22\"><input type=\"hidden\" name=\"url_referer\" value=\"\"><button type=\"submit\" name=\"wpforms[submit]\" id=\"wpforms-submit-216\" class=\"wpforms-submit\" data-alt-text=\"L\u00e4hett\u00e4\u00e4...\" data-submit-text=\"L\u00e4het\u00e4\" aria-live=\"assertive\" value=\"wpforms-submit\">L\u00e4het\u00e4<\/button><img loading=\"lazy\" decoding=\"async\" src=\"https:\/\/ninaranki.fi\/wp-content\/plugins\/wpforms-lite\/assets\/images\/submit-spin.svg\" class=\"wpforms-submit-spinner\" style=\"display: none;\" width=\"26\" height=\"26\" alt=\"Loading\"><\/div><\/form><\/div>  <!-- .wpforms-container -->\t\t\t\t<\/div>\n\t\t\t\t<\/div>\n\t\t\t\t<\/div>\n\t\t\t\t\t<\/div>\n\t\t\t\t<\/div>\n\t\t\t\t<\/div>\n\t\t","protected":false},"excerpt":{"rendered":"<p>Asiakasl\u00e4ht\u00f6ist\u00e4 sisustussuunnittelua Olen kokenut sisustussuunnittelija, jolla on vahva tausta kiinteist\u00f6alalta. Valmistuin sisustussuunnittelijaksi vuonna 2017 ja kasvoin kiinteist\u00f6nv\u00e4litt\u00e4j\u00e4perheess\u00e4, mik\u00e4 on syvent\u00e4nyt ymm\u00e4rryst\u00e4ni asuntojen suunnittelusta ja myynnist\u00e4.&hellip;<\/p>\n","protected":false},"author":1,"featured_media":0,"parent":0,"menu_order":0,"comment_status":"closed","ping_status":"closed","template":"","meta":{"footnotes":""},"class_list":["post-22","page","type-page","status-publish","hentry"],"_links":{"self":[{"href":"https:\/\/ninaranki.fi\/index.php?rest_route=\/wp\/v2\/pages\/22","targetHints":{"allow":["GET"]}}],"collection":[{"href":"https:\/\/ninaranki.fi\/index.php?rest_route=\/wp\/v2\/pages"}],"about":[{"href":"https:\/\/ninaranki.fi\/index.php?rest_route=\/wp\/v2\/types\/page"}],"author":[{"embeddable":true,"href":"https:\/\/ninaranki.fi\/index.php?rest_route=\/wp\/v2\/users\/1"}],"replies":[{"embeddable":true,"href":"https:\/\/ninaranki.fi\/index.php?rest_route=%2Fwp%2Fv2%2Fcomments&post=22"}],"version-history":[{"count":121,"href":"https:\/\/ninaranki.fi\/index.php?rest_route=\/wp\/v2\/pages\/22\/revisions"}],"predecessor-version":[{"id":283,"href":"https:\/\/ninaranki.fi\/index.php?rest_route=\/wp\/v2\/pages\/22\/revisions\/283"}],"wp:attachment":[{"href":"https:\/\/ninaranki.fi\/index.php?rest_route=%2Fwp%2Fv2%2Fmedia&parent=22"}],"curies":[{"name":"wp","href":"https:\/\/api.w.org\/{rel}","templated":true}]}}